{"id":17835,"date":"2024-07-22T20:01:10","date_gmt":"2024-07-23T00:01:10","guid":{"rendered":"https:\/\/soberlifecoach.ca\/?page_id=17835"},"modified":"2024-08-01T13:57:26","modified_gmt":"2024-08-01T17:57:26","slug":"politique-de-confidentialite","status":"publish","type":"page","link":"https:\/\/soberlifecoach.ca\/fr\/politique-de-confidentialite\/","title":{"rendered":"Politique de confidentialit\u00e9"},"content":{"rendered":"\t\t<div data-elementor-type=\"wp-page\" data-elementor-id=\"17835\" class=\"elementor elementor-17835\">\n\t\t\t\t<div class=\"elementor-element elementor-element-b52397a e-flex e-con-boxed parallax_section_no qode_elementor_container_no e-con e-parent\" data-id=\"b52397a\" data-element_type=\"container\" data-e-type=\"container\">\n\t\t\t\t\t<div class=\"e-con-inner\">\n\t\t\t\t<div class=\"elementor-element elementor-element-5a9cc46 elementor-widget elementor-widget-text-editor\" data-id=\"5a9cc46\" data-element_type=\"widget\" data-e-type=\"widget\" data-widget_type=\"text-editor.default\">\n\t\t\t\t<div class=\"elementor-widget-container\">\n\t\t\t\t\t\t\t\t\t<h2>Politique de confidentialit\u00e9\u00a0<\/h2><p>Derni\u00e8re mise \u00e0 jour\u00a0: 22 juillet 2024\u00a0<\/p><p>Date d\u2019entr\u00e9e en vigueur\u00a0: 22\u00a0juillet\u00a02024\u00a0<\/p><p>\u00a0<\/p><p>La pr\u00e9sente Politique de confidentialit\u00e9 d\u00e9crit les politiques de M\u00e9lanie Duriez, 104-426, rue Main, Hudson (Qu\u00e9bec) J0P1H0, Canada, coachmelduriez@gmail.com, 514\u00a0432-0726, au sujet de la collecte, l\u2019utilisation et la divulgation de vos renseignements que nous recueillons lorsque vous visitez notre site Web (http:\/\/melanieduriez.com) (le \u00ab\u00a0service\u00a0\u00bb). En acc\u00e9dant ou en utilisant le service, vous consentez \u00e0 la collecte, l\u2019utilisation et la divulgation de vos renseignements conform\u00e9ment \u00e0 la pr\u00e9sente Politique de confidentialit\u00e9. Si vous n\u2019y consentez pas, veuillez ne pas acc\u00e9der au service ni l\u2019utiliser.\u00a0<\/p><p>Nous pourrions modifier la pr\u00e9sente Politique de confidentialit\u00e9 \u00e0 tout moment sans pr\u00e9avis; nous publierons alors la politique r\u00e9vis\u00e9e sur le service. La politique r\u00e9vis\u00e9e entrera en vigueur 180\u00a0jours apr\u00e8s sa publication sur le service; votre acc\u00e8s ou utilisation continus du service apr\u00e8s cette p\u00e9riode constituera votre acceptation de la Politique de confidentialit\u00e9 r\u00e9vis\u00e9e. Nous vous recommandons donc de consulter p\u00e9riodiquement cette page.\u00a0<\/p><p>\u00a0<\/p><p><strong>Comment nous utilisons vos renseignements<\/strong><\/p><p>\u00a0Nous utiliserons les renseignements que nous recueillons \u00e0 votre sujet aux fins suivantes\u00a0:\u00a0<\/p><ul><li>\u00a0Collecte de commentaires de clients<\/li><li>\u00a0Soutien<\/li><li>\u00a0Administration<\/li><li>\u00a0Protection du site<\/li><\/ul><p>Si nous souhaitons utiliser vos renseignements \u00e0 une autre fin, nous demanderons votre consentement. Nous utiliserons alors vos renseignements uniquement lorsque nous l\u2019aurons obtenu, aux fins auxquelles vous avez consenti, \u00e0 moins d\u2019exigence contraire de la loi.<\/p><p>\u00a0<\/p><p><strong>Vos droits\u00a0<\/strong><\/p><p>Selon les lois applicables, vous pourriez avoir le droit de consulter et de faire modifier ou supprimer vos renseignements personnels, d\u2019en recevoir une copie, de restreindre ou de vous opposer au traitement actif de vos donn\u00e9es, de nous demander de transmettre vos donn\u00e9es personnelles \u00e0 une autre entit\u00e9, de retirer tout consentement que vous nous aviez accord\u00e9 pour le traitement de vos donn\u00e9es, de d\u00e9poser une plainte aupr\u00e8s d\u2019une autorit\u00e9 r\u00e9glementaire ou tout autre droit conf\u00e9r\u00e9 en vertu des lois applicables. Pour exercer vos droits, vous pouvez nous \u00e9crire \u00e0 coachmelduriez@gmail.com. Nous r\u00e9pondrons \u00e0 votre demande conform\u00e9ment aux lois applicables.\u00a0<\/p><p>\u00a0<\/p><p>Veuillez noter que si vous ne nous autorisez pas \u00e0 recueillir et traiter les renseignements personnels requis ou retirez votre consentement \u00e0 leur traitement aux fins requises, il se peut que vous soyez incapable d\u2019acc\u00e9der ou d\u2019utiliser les services pour lesquels vos renseignements ont \u00e9t\u00e9 demand\u00e9es.\u00a0<\/p><p>\u00a0<\/p><p><strong>T\u00e9moins\u00a0<\/strong><\/p><p>Pour en savoir plus sur la fa\u00e7on dont nous utilisons les t\u00e9moins et vos choix relativement \u00e0 ces technologies de suivi, veuillez consulter notre <a href=\"http:\/\/soberlifecoach.ca\/politique-sur-les-temoins\">Politique sur les t\u00e9moins<\/a>.\u00a0<\/p><p>\u00a0<\/p><p><strong>S\u00e9curit\u00e9\u00a0<\/strong><\/p><p>La s\u00e9curit\u00e9 de vos renseignements nous importe, et nous utiliserons des mesures de s\u00e9curit\u00e9 raisonnables pour pr\u00e9venir la perte, le mauvais usage ou la modification non autoris\u00e9e de vos renseignements que nous poss\u00e9dons. Cependant, compte tenu des risques inh\u00e9rents, nous ne pouvons en garantir la s\u00e9curit\u00e9 absolue, et par cons\u00e9quent, nous ne pouvons assurer ou garantir la s\u00e9curit\u00e9 des renseignements que vous nous transmettez\u00a0: vous le faites \u00e0 vos risques.\u00a0<\/p><p>\u00a0<\/p><p><strong>Griefs et responsable de la protection des donn\u00e9es\u00a0\u00a0<\/strong><\/p><p>Si vous avez des questions ou des pr\u00e9occupations au sujet du traitement de vos renseignements que nous poss\u00e9dons, vous pouvez envoyer un courriel \u00e0 M\u00e9lanie\u00a0Duriez \u00e0 l\u2019adresse coachmelduriez@gmail.com. Nous traiterons vos pr\u00e9occupations conform\u00e9ment aux lois applicables.\u00a0<\/p><p>\u00a0<\/p><p>Cette Politique de confidentialit\u00e9 a \u00e9t\u00e9 produite avec CookieYes.\u00a0<\/p>\t\t\t\t\t\t\t\t<\/div>\n\t\t\t\t<\/div>\n\t\t\t\t\t<\/div>\n\t\t\t\t<\/div>\n\t\t\t\t<\/div>\n\t\t","protected":false},"excerpt":{"rendered":"<p>Politique de confidentialit\u00e9\u00a0 Derni\u00e8re mise \u00e0 jour\u00a0: 22 juillet 2024\u00a0 Date d\u2019entr\u00e9e en vigueur\u00a0: 22\u00a0juillet\u00a02024\u00a0 \u00a0 La pr\u00e9sente Politique de confidentialit\u00e9 d\u00e9crit les politiques de M\u00e9lanie Duriez, 104-426, rue Main, Hudson (Qu\u00e9bec) J0P1H0, Canada, coachmelduriez@gmail.com, 514\u00a0432-0726, au sujet de la collecte, l\u2019utilisation et la divulgation&#8230;<\/p>\n","protected":false},"author":2,"featured_media":0,"parent":0,"menu_order":0,"comment_status":"closed","ping_status":"closed","template":"","meta":{"footnotes":""},"class_list":["post-17835","page","type-page","status-publish","hentry"],"_links":{"self":[{"href":"https:\/\/soberlifecoach.ca\/fr\/wp-json\/wp\/v2\/pages\/17835","targetHints":{"allow":["GET"]}}],"collection":[{"href":"https:\/\/soberlifecoach.ca\/fr\/wp-json\/wp\/v2\/pages"}],"about":[{"href":"https:\/\/soberlifecoach.ca\/fr\/wp-json\/wp\/v2\/types\/page"}],"author":[{"embeddable":true,"href":"https:\/\/soberlifecoach.ca\/fr\/wp-json\/wp\/v2\/users\/2"}],"replies":[{"embeddable":true,"href":"https:\/\/soberlifecoach.ca\/fr\/wp-json\/wp\/v2\/comments?post=17835"}],"version-history":[{"count":10,"href":"https:\/\/soberlifecoach.ca\/fr\/wp-json\/wp\/v2\/pages\/17835\/revisions"}],"predecessor-version":[{"id":17918,"href":"https:\/\/soberlifecoach.ca\/fr\/wp-json\/wp\/v2\/pages\/17835\/revisions\/17918"}],"wp:attachment":[{"href":"https:\/\/soberlifecoach.ca\/fr\/wp-json\/wp\/v2\/media?parent=17835"}],"curies":[{"name":"wp","href":"https:\/\/api.w.org\/{rel}","templated":true}]}}