{"id":17833,"date":"2024-08-01T13:39:41","date_gmt":"2024-08-01T17:39:41","guid":{"rendered":"https:\/\/soberlifecoach.ca\/?page_id=17833"},"modified":"2024-08-01T13:40:38","modified_gmt":"2024-08-01T17:40:38","slug":"politique-sur-les-temoins","status":"publish","type":"page","link":"https:\/\/soberlifecoach.ca\/fr\/politique-sur-les-temoins\/","title":{"rendered":"Politique sur les t\u00e9moins"},"content":{"rendered":"\t\t<div data-elementor-type=\"wp-page\" data-elementor-id=\"17833\" class=\"elementor elementor-17833\">\n\t\t\t\t<div class=\"elementor-element elementor-element-b7143f1 e-flex e-con-boxed parallax_section_no qode_elementor_container_no e-con e-parent\" data-id=\"b7143f1\" data-element_type=\"container\" data-e-type=\"container\">\n\t\t\t\t\t<div class=\"e-con-inner\">\n\t\t\t\t<div class=\"elementor-element elementor-element-8acedc7 elementor-widget elementor-widget-text-editor\" data-id=\"8acedc7\" data-element_type=\"widget\" data-e-type=\"widget\" data-widget_type=\"text-editor.default\">\n\t\t\t\t<div class=\"elementor-widget-container\">\n\t\t\t\t\t\t\t\t\t<h2>Politique sur les t\u00e9moins<\/h2><p>Date d\u2019entr\u00e9e en vigueur\u00a0: 22\u00a0juillet\u00a02024\u00a0<\/p><p>Derni\u00e8re mise \u00e0 jour\u00a0: 22\u00a0juillet\u00a02024\u00a0<\/p><p>\u00a0<\/p><p><strong>Que sont les t\u00e9moins?<\/strong><\/p><p>La pr\u00e9sente Politique sur les t\u00e9moins d\u00e9crit ce que sont les t\u00e9moins ainsi que l\u2019utilisation que nous en faisons, notamment les renseignements que nous recueillons \u00e0 l\u2019aide de t\u00e9moins et la fa\u00e7on dont ils sont utilis\u00e9s, de m\u00eame que la fa\u00e7on de modifier les r\u00e9glages des t\u00e9moins.<\/p><p>\u00a0<\/p><p>Les t\u00e9moins sont de petits fichiers texte qui servent \u00e0 stocker de petites quantit\u00e9s d\u2019information; ils sont plac\u00e9s sur votre appareil lorsque le site Web est ouvert dans votre navigateur. Ces t\u00e9moins nous aident \u00e0 assurer le bon fonctionnement du site et \u00e0 le s\u00e9curiser, \u00e0 am\u00e9liorer l\u2019exp\u00e9rience utilisateur, \u00e0 d\u00e9terminer le rendement du site, \u00e0 analyser son fonctionnement et \u00e0 cerner les am\u00e9liorations n\u00e9cessaires.<\/p><p>\u00a0<\/p><p><strong>Comment utilisons-nous les t\u00e9moins?<\/strong><\/p><p>Comme la plupart des services en ligne, notre site Web utilise des t\u00e9moins de premi\u00e8re et de tierces parties \u00e0 diff\u00e9rentes fins. Les t\u00e9moins de premi\u00e8re partie sont principalement n\u00e9cessaires au bon fonctionnement du site; ils ne recueillent aucune donn\u00e9e personnelle permettant l\u2019identification.<\/p><p>\u00a0<\/p><p>Les t\u00e9moins de tierces parties utilis\u00e9s sur notre site servent principalement \u00e0 d\u00e9terminer le rendement du site et la fa\u00e7on dont vous interagissez avec lui, \u00e0 assurer la s\u00e9curit\u00e9 de nos services, \u00e0 vous pr\u00e9senter des publicit\u00e9s pertinentes, et globalement \u00e0 vous offrir une bonne exp\u00e9rience utilisateur et \u00e0 acc\u00e9l\u00e9rer vos interactions futures avec le site.<\/p><p>\u00a0<\/p><p><strong>G\u00e9rer les pr\u00e9f\u00e9rences en mati\u00e8re de t\u00e9moins<\/strong><\/p><p>Vous pouvez modifier vos pr\u00e9f\u00e9rences en mati\u00e8re de t\u00e9moins en retournant \u00e0 la banni\u00e8re des t\u00e9moins et en modifiant vos r\u00e9glages ou en retirant imm\u00e9diatement votre consentement.\u00a0<\/p><p>\u00a0<\/p><p>De plus, diff\u00e9rents navigateurs offrent des options pour bloquer et supprimer les t\u00e9moins utilis\u00e9s par les sites Web. Vous pouvez modifier les r\u00e9glages de votre navigateur pour les bloquer ou les supprimer. Voici des liens vers des documents de soutien des principaux navigateurs d\u00e9crivant la fa\u00e7on de g\u00e9rer et supprimer les t\u00e9moins.<\/p><p>\u00a0<\/p><p>Chrome\u00a0: <a href=\"https:\/\/support.google.com\/accounts\/answer\/32050\">https:\/\/support.google.com\/accounts\/answer\/32050<\/a><\/p><p>Safari\u00a0: <a href=\"https:\/\/support.apple.com\/fr-ca\/guide\/safari\/sfri11471\/mac\">https:\/\/support.apple.com\/fr-ca\/guide\/safari\/sfri11471\/mac<\/a><\/p><p>Firefox\u00a0: <a href=\"https:\/\/support.mozilla.org\/fr\/kb\/effacer-cookies-donnees-site-firefox?redirectslug=delete-cookies-remove-info-websites-stored&amp;redirectlocale=en-US\">https:\/\/support.mozilla.org\/fr\/kb\/effacer-cookies-donnees-site-firefox?redirectslug=delete-cookies-remove-info-websites-stored&amp;redirectlocale=en-US<\/a><\/p><p>Internet Explorer:\u00a0<a href=\"https:\/\/support.microsoft.com\/fr-fr\/topic\/comment-supprimer-des-fichiers-cookies-dans-internet-explorer-bca9446f-d873-78de-77ba-d42645fa52fc\">https:\/\/support.microsoft.com\/fr-fr\/topic\/comment-supprimer-des-fichiers-cookies-dans-internet-explorer-bca9446f-d873-78de-77ba-d42645fa52fc<\/a><\/p><p>\u00a0<\/p><p>Si vous utilisez un autre navigateur, veuillez consulter ses documents de soutien officiels.<\/p><p>\u00a0<\/p><p>Cette Politique sur les t\u00e9moins a \u00e9t\u00e9 produite avec CookieYes\u00a0\u2013 Cookie Policy Generator.\u00a0<\/p>\t\t\t\t\t\t\t\t<\/div>\n\t\t\t\t<\/div>\n\t\t\t\t\t<\/div>\n\t\t\t\t<\/div>\n\t\t\t\t<\/div>\n\t\t","protected":false},"excerpt":{"rendered":"<p>Politique sur les t\u00e9moins Date d\u2019entr\u00e9e en vigueur\u00a0: 22\u00a0juillet\u00a02024\u00a0 Derni\u00e8re mise \u00e0 jour\u00a0: 22\u00a0juillet\u00a02024\u00a0 \u00a0 Que sont les t\u00e9moins? La pr\u00e9sente Politique sur les t\u00e9moins d\u00e9crit ce que sont les t\u00e9moins ainsi que l\u2019utilisation que nous en faisons, notamment les renseignements que nous recueillons \u00e0&#8230;<\/p>\n","protected":false},"author":2,"featured_media":0,"parent":0,"menu_order":0,"comment_status":"closed","ping_status":"closed","template":"","meta":{"footnotes":""},"class_list":["post-17833","page","type-page","status-publish","hentry"],"_links":{"self":[{"href":"https:\/\/soberlifecoach.ca\/fr\/wp-json\/wp\/v2\/pages\/17833","targetHints":{"allow":["GET"]}}],"collection":[{"href":"https:\/\/soberlifecoach.ca\/fr\/wp-json\/wp\/v2\/pages"}],"about":[{"href":"https:\/\/soberlifecoach.ca\/fr\/wp-json\/wp\/v2\/types\/page"}],"author":[{"embeddable":true,"href":"https:\/\/soberlifecoach.ca\/fr\/wp-json\/wp\/v2\/users\/2"}],"replies":[{"embeddable":true,"href":"https:\/\/soberlifecoach.ca\/fr\/wp-json\/wp\/v2\/comments?post=17833"}],"version-history":[{"count":5,"href":"https:\/\/soberlifecoach.ca\/fr\/wp-json\/wp\/v2\/pages\/17833\/revisions"}],"predecessor-version":[{"id":17911,"href":"https:\/\/soberlifecoach.ca\/fr\/wp-json\/wp\/v2\/pages\/17833\/revisions\/17911"}],"wp:attachment":[{"href":"https:\/\/soberlifecoach.ca\/fr\/wp-json\/wp\/v2\/media?parent=17833"}],"curies":[{"name":"wp","href":"https:\/\/api.w.org\/{rel}","templated":true}]}}