{"id":16777,"date":"2024-06-28T11:50:54","date_gmt":"2024-06-28T15:50:54","guid":{"rendered":"http:\/\/soberlifecoach.ca\/reiki\/"},"modified":"2024-09-18T15:51:58","modified_gmt":"2024-09-18T19:51:58","slug":"reiki","status":"publish","type":"page","link":"https:\/\/soberlifecoach.ca\/fr\/reiki\/","title":{"rendered":"Reiki"},"content":{"rendered":"\t\t<div data-elementor-type=\"wp-page\" data-elementor-id=\"16777\" class=\"elementor elementor-16777 elementor-15811\">\n\t\t\t\t<div class=\"elementor-element elementor-element-3062184 e-flex e-con-boxed parallax_section_no qode_elementor_container_no e-con e-parent\" data-id=\"3062184\" data-element_type=\"container\" data-e-type=\"container\">\n\t\t\t\t\t<div class=\"e-con-inner\">\n\t\t\t\t<div class=\"elementor-element elementor-element-cafce64 elementor-widget elementor-widget-spacer\" data-id=\"cafce64\" data-element_type=\"widget\" data-e-type=\"widget\" data-widget_type=\"spacer.default\">\n\t\t\t\t<div class=\"elementor-widget-container\">\n\t\t\t\t\t\t\t<div class=\"elementor-spacer\">\n\t\t\t<div class=\"elementor-spacer-inner\"><\/div>\n\t\t<\/div>\n\t\t\t\t\t\t<\/div>\n\t\t\t\t<\/div>\n\t\t\t\t\t<\/div>\n\t\t\t\t<\/div>\n\t\t<div class=\"elementor-element elementor-element-1d5a67f e-flex e-con-boxed parallax_section_no qode_elementor_container_no e-con e-parent\" data-id=\"1d5a67f\" data-element_type=\"container\" data-e-type=\"container\">\n\t\t\t\t\t<div class=\"e-con-inner\">\n\t\t\t\t<div class=\"elementor-element elementor-element-36e637a elementor-widget elementor-widget-spacer\" data-id=\"36e637a\" data-element_type=\"widget\" data-e-type=\"widget\" data-widget_type=\"spacer.default\">\n\t\t\t\t<div class=\"elementor-widget-container\">\n\t\t\t\t\t\t\t<div class=\"elementor-spacer\">\n\t\t\t<div class=\"elementor-spacer-inner\"><\/div>\n\t\t<\/div>\n\t\t\t\t\t\t<\/div>\n\t\t\t\t<\/div>\n\t\t\t\t\t<\/div>\n\t\t\t\t<\/div>\n\t\t<div class=\"elementor-element elementor-element-a6e6bb2 e-flex e-con-boxed parallax_section_no qode_elementor_container_no e-con e-parent\" data-id=\"a6e6bb2\" data-element_type=\"container\" data-e-type=\"container\">\n\t\t\t\t\t<div class=\"e-con-inner\">\n\t\t<div class=\"elementor-element elementor-element-10da8d6 e-con-full e-flex parallax_section_no qode_elementor_container_no e-con e-child\" data-id=\"10da8d6\" data-element_type=\"container\" data-e-type=\"container\">\n\t\t\t\t<div class=\"elementor-element elementor-element-d67bf36 elementor-widget elementor-widget-text-editor\" data-id=\"d67bf36\" data-element_type=\"widget\" data-e-type=\"widget\" data-widget_type=\"text-editor.default\">\n\t\t\t\t<div class=\"elementor-widget-container\">\n\t\t\t\t\t\t\t\t\t<h4>Qu\u2019est-ce que le Reiki?<\/h4><p style=\"font-weight: 400;\">Le Reiki est une technique de d\u00e9tente \u00e9nerg\u00e9tique originaire du Japon. On peut traduire le mot Reiki par \u00ab\u00a0\u00e9nergie vitale universelle\u00a0\u00bb; on l\u2019appelle \u00ab\u00a0Chi\u00a0\u00bb en Chine, \u00ab\u00a0Prana\u00a0\u00bb en Inde (quiconque fait du yoga conna\u00eetra le terme!) et le biochamp dans la tradition scientifique de l\u2019Ouest. Le Reiki se fonde sur l\u2019id\u00e9e que, comme la fameuse d\u00e9claration d\u2019Albert Einstein, \u00ab\u00a0Tout est \u00e9nergie, et c\u2019est l\u00e0 tout ce qu\u2019il y a \u00e0 comprendre dans la vie\u00a0\u00bb.<\/p><p>\u00a0<\/p><p style=\"font-weight: 400;\">En gros, les praticiens de Reiki utilisent leurs mains pour guider l\u2019\u00e9nergie vitale qui nous entoure et nous anime afin de promouvoir d\u00e9tente, gu\u00e9rison et \u00e9quilibre interne. Un traitement de Reiki peut \u00eatre offert en personne, o\u00f9 la praticienne survole ou appose d\u00e9licatement ses mains sur diff\u00e9rentes parties du corps de la personne, ou encore \u00e0 distance, \u00e0 l\u2019aide de techniques de visualisation. L\u2019\u00e9nergie ne conna\u00eet aucune limite physique; elle se trouve partout et se manipule donc en tout temps et en tout lieu.<\/p><p>\u00a0<\/p><p style=\"font-weight: 400;\">Le Reiki compl\u00e8te \u00e0 merveille une bo\u00eete \u00e0 outils de sobri\u00e9t\u00e9. J\u2019ai d\u00e9couvert cette douce et apaisante pratique lorsque je subissais des traitements de chimioth\u00e9rapie pour un cancer de l\u2019ovaire.\u00a0La premi\u00e8re s\u00e9ance fut une r\u00e9v\u00e9lation. Elle m\u2019a laiss\u00e9e dans un \u00e9tat de paix et de bien-\u00eatre qui a dur\u00e9 des heures, comme si j\u2019avais pass\u00e9 la journ\u00e9e au spa&#8230; un spa pour l\u2019\u00e2me. Le baume sur mon corps et mon c\u0153ur meurtris \u00e9tait tel que j\u2019ai d\u00e9cid\u00e9 d\u2019\u00e9tudier la pratique.<\/p><p>\u00a0<\/p><p style=\"font-weight: 400;\">Aujourd\u2019hui, je suis ma\u00eetre Reiki, et c\u2019est avec bonheur que j\u2019accompagne d\u2019autres personnes sur leur propre parcours.<\/p><p style=\"font-weight: 400;\">\u00a0<\/p>\t\t\t\t\t\t\t\t<\/div>\n\t\t\t\t<\/div>\n\t\t\t\t<\/div>\n\t\t<div class=\"elementor-element elementor-element-d9d98a0 e-con-full e-flex parallax_section_no qode_elementor_container_no e-con e-child\" data-id=\"d9d98a0\" data-element_type=\"container\" data-e-type=\"container\">\n\t\t\t\t<div class=\"elementor-element elementor-element-ae3cfd4 elementor-widget elementor-widget-text-editor\" data-id=\"ae3cfd4\" data-element_type=\"widget\" data-e-type=\"widget\" data-widget_type=\"text-editor.default\">\n\t\t\t\t<div class=\"elementor-widget-container\">\n\t\t\t\t\t\t\t\t\t<div><h3><span lang=\"FR-CA\">Bienfaits<\/span><\/h3><div><span lang=\"FR-CA\">\u00a0<\/span><\/div><\/div><p style=\"font-weight: 400;\">Le Reiki a de nombreux bienfaits. Il peut notamment\u00a0:<\/p><ul><li>Apaiser corps et esprit<\/li><li>R\u00e9duire le stress, l\u2019anxi\u00e9t\u00e9 et la douleur<\/li><li>Favoriser le calme et la relaxation<\/li><li>Promouvoir la gu\u00e9rison<\/li><li>Am\u00e9liorer le sommeil<\/li><li>Adoucir l\u2019humeur<\/li><li>Am\u00e9liorer la circulation d\u2019\u00e9nergie vitale dans le corps<\/li><\/ul><div>\u00a0<\/div><div>\u00a0<\/div><h3>S\u00e9ances de Reiki<\/h3><p style=\"font-weight: 400;\">J\u2019offre des s\u00e9ances de Reiki \u00e0 distance, vous donnant l&rsquo;occasion de profiter d&rsquo;un moment de pur d\u00e9tente dans le confort de votre foyer.<\/p><p style=\"font-weight: 400;\"><strong><span style=\"text-align: var(--text-align); letter-spacing: 0px;\">30\u00a0min : 60 $ (taxes incl.)<\/span><\/strong><\/p><p style=\"font-weight: 400;\">\u00a0<\/p>\t\t\t\t\t\t\t\t<\/div>\n\t\t\t\t<\/div>\n\t\t\t\t<\/div>\n\t\t<div class=\"elementor-element elementor-element-099566d e-con-full e-flex parallax_section_no qode_elementor_container_no e-con e-child\" data-id=\"099566d\" data-element_type=\"container\" data-e-type=\"container\">\n\t\t\t\t<div class=\"elementor-element elementor-element-917c8cc elementor-widget elementor-widget-bridge_button\" data-id=\"917c8cc\" data-element_type=\"widget\" data-e-type=\"widget\" data-widget_type=\"bridge_button.default\">\n\t\t\t\t<div class=\"elementor-widget-container\">\n\t\t\t\t\t<a  itemprop=\"url\" href=\"https:\/\/soberlifecoach.ca\/fr\/contact-us\/\" target=\"_self\"  class=\"qbutton  medium default\" style=\"\">R\u00e9server<\/a>\t\t\t\t<\/div>\n\t\t\t\t<\/div>\n\t\t\t\t<\/div>\n\t\t\t\t\t<\/div>\n\t\t\t\t<\/div>\n\t\t<div class=\"elementor-element elementor-element-d32baee e-flex e-con-boxed parallax_section_no qode_elementor_container_no e-con e-parent\" data-id=\"d32baee\" data-element_type=\"container\" data-e-type=\"container\">\n\t\t\t\t\t<div class=\"e-con-inner\">\n\t\t\t\t<div class=\"elementor-element elementor-element-78fc8d0 elementor-widget elementor-widget-spacer\" data-id=\"78fc8d0\" data-element_type=\"widget\" data-e-type=\"widget\" data-widget_type=\"spacer.default\">\n\t\t\t\t<div class=\"elementor-widget-container\">\n\t\t\t\t\t\t\t<div class=\"elementor-spacer\">\n\t\t\t<div class=\"elementor-spacer-inner\"><\/div>\n\t\t<\/div>\n\t\t\t\t\t\t<\/div>\n\t\t\t\t<\/div>\n\t\t\t\t\t<\/div>\n\t\t\t\t<\/div>\n\t\t<div class=\"elementor-element elementor-element-bbd35d8 e-flex e-con-boxed parallax_section_no qode_elementor_container_no e-con e-parent\" data-id=\"bbd35d8\" data-element_type=\"container\" data-e-type=\"container\" data-settings=\"{&quot;background_background&quot;:&quot;classic&quot;}\">\n\t\t\t\t\t<div class=\"e-con-inner\">\n\t\t<div class=\"elementor-element elementor-element-a957fb1 e-con-full e-flex parallax_section_no qode_elementor_container_no e-con e-child\" data-id=\"a957fb1\" data-element_type=\"container\" data-e-type=\"container\" data-settings=\"{&quot;background_background&quot;:&quot;classic&quot;}\">\n\t\t\t\t<div class=\"elementor-element elementor-element-b72ec10 elementor-widget elementor-widget-qi_addons_for_elementor_testimonials_slider\" data-id=\"b72ec10\" data-element_type=\"widget\" data-e-type=\"widget\" data-widget_type=\"qi_addons_for_elementor_testimonials_slider.default\">\n\t\t\t\t<div class=\"elementor-widget-container\">\n\t\t\t\t\t<div class=\"qodef-shortcode qodef-m qodef-qi-testimonials-slider qodef--swiper-fade qodef-qi-grid qodef-qi-swiper-container qodef-item-layout--side-quote qodef-pagination--inside\" data-options=\"{&quot;direction&quot;:&quot;horizontal&quot;,&quot;slidesPerView&quot;:&quot;1&quot;,&quot;spaceBetween&quot;:30,&quot;spaceBetweenTablet&quot;:30,&quot;spaceBetweenMobile&quot;:30,&quot;effect&quot;:&quot;&quot;,&quot;loop&quot;:true,&quot;autoplay&quot;:true,&quot;centeredSlides&quot;:false,&quot;speed&quot;:&quot;6000&quot;,&quot;speedAnimation&quot;:&quot;&quot;,&quot;outsideNavigation&quot;:&quot;no&quot;,&quot;outsidePagination&quot;:&quot;no&quot;,&quot;unique&quot;:&quot;1&quot;,&quot;partialValue&quot;:0,&quot;disablePartialValue&quot;:&quot;&quot;,&quot;parallax&quot;:&quot;no&quot;}\">\n\t<div class=\"swiper-wrapper\">\n\t\t<div class=\"qodef-e swiper-slide elementor-repeater-item-8e8be4d\">\n\t<div class=\"qodef-e-inner\">\n\t\t\t<div class=\"qodef-e-quote\">\n\t\t<svg class=\"qodef-e-quote-icon\" xmlns=\"http:\/\/www.w3.org\/2000\/svg\" x=\"0px\" y=\"0px\" viewBox=\"0 0 190.5 148\" xml:space=\"preserve\"><g><path d=\"M37.7,146.3L2.1,124.6C19.3,100,28.2,74.1,28.8,46.7V2.3H90v38.8c0,19.3-5,38.8-15.1,58.4C64.9,119,52.5,134.6,37.7,146.3z M133.7,146.3l-35.6-21.7c17.2-24.5,26.2-50.5,26.8-77.9V2.3h61.2v38.8c0,19.3-5,38.8-15.1,58.4C160.9,119,148.5,134.6,133.7,146.3z\"\/><\/g><\/svg>\t<\/div>\n\t\t\t<div class=\"qodef-e-content\">\n\t\t\t\t<h5 itemprop=\"description\" class=\"qodef-e-text\">\u00c0 la suite de ma s\u00e9ance de Reiki avec Mel, j\u2019ai ressenti un sentiment de paix et de relaxation partout dans mon corps. Elle a \u00e9galement \u00e9t\u00e9 mesure de d\u00e9tendre des muscles qui \u00e9taient tendus depuis des semaines, et je me sentais globalement beaucoup mieux apr\u00e8s. Je recommande fortement ses services \u00e0 toute personne qui a besoin de relaxer, de r\u00e9\u00e9quilibrer son \u00e9nergie ou de rel\u00e2cher de la tension dans son corps! <\/h5>\n\t\t\t<div class=\"qodef-e-bottom-info\">\n\t\t\t\t\t\t\t\t\t<div class=\"qodef-e-author\">\n\t\t<h6 class=\"qodef-e-author-name\">\u2013 Amanda R.<\/h6>\n\t\t\t<\/div>\n\t\t\t<\/div>\n\t\t<\/div>\n\t<\/div>\n<\/div>\n<div class=\"qodef-e swiper-slide elementor-repeater-item-b9ce02c\">\n\t<div class=\"qodef-e-inner\">\n\t\t\t<div class=\"qodef-e-quote\">\n\t\t<svg class=\"qodef-e-quote-icon\" xmlns=\"http:\/\/www.w3.org\/2000\/svg\" x=\"0px\" y=\"0px\" viewBox=\"0 0 190.5 148\" xml:space=\"preserve\"><g><path d=\"M37.7,146.3L2.1,124.6C19.3,100,28.2,74.1,28.8,46.7V2.3H90v38.8c0,19.3-5,38.8-15.1,58.4C64.9,119,52.5,134.6,37.7,146.3z M133.7,146.3l-35.6-21.7c17.2-24.5,26.2-50.5,26.8-77.9V2.3h61.2v38.8c0,19.3-5,38.8-15.1,58.4C160.9,119,148.5,134.6,133.7,146.3z\"\/><\/g><\/svg>\t<\/div>\n\t\t\t<div class=\"qodef-e-content\">\n\t\t\t\t<h5 itemprop=\"description\" class=\"qodef-e-text\">J\u2019ai fait ma premi\u00e8re exp\u00e9rience de Reiki, et ce ne sera pas la derni\u00e8re. Quelle d\u00e9couverte, je ne savais pas \u00e0 quoi m\u2019attendre. Je me sentais si d\u00e9tendue que je me suis m\u00eame endormie. Je le recommande fortement si vous \u00e9prouvez du stress quelconque. Merci Mel!<\/h5>\n\t\t\t<div class=\"qodef-e-bottom-info\">\n\t\t\t\t\t\t\t\t\t<div class=\"qodef-e-author\">\n\t\t<h6 class=\"qodef-e-author-name\">\u2013 Nicole M.<\/h6>\n\t\t\t<\/div>\n\t\t\t<\/div>\n\t\t<\/div>\n\t<\/div>\n<\/div>\n\t<\/div>\n\t\t<div class=\"swiper-pagination\"><\/div>\n<\/div>\n\t\t\t\t<\/div>\n\t\t\t\t<\/div>\n\t\t\t\t<\/div>\n\t\t\t\t\t<\/div>\n\t\t\t\t<\/div>\n\t\t<div class=\"elementor-element elementor-element-75124b7 e-flex e-con-boxed parallax_section_no qode_elementor_container_no e-con e-parent\" data-id=\"75124b7\" data-element_type=\"container\" data-e-type=\"container\">\n\t\t\t\t\t<div class=\"e-con-inner\">\n\t\t\t\t<div class=\"elementor-element elementor-element-799844e elementor-widget elementor-widget-spacer\" data-id=\"799844e\" data-element_type=\"widget\" data-e-type=\"widget\" data-widget_type=\"spacer.default\">\n\t\t\t\t<div class=\"elementor-widget-container\">\n\t\t\t\t\t\t\t<div class=\"elementor-spacer\">\n\t\t\t<div class=\"elementor-spacer-inner\"><\/div>\n\t\t<\/div>\n\t\t\t\t\t\t<\/div>\n\t\t\t\t<\/div>\n\t\t\t\t\t<\/div>\n\t\t\t\t<\/div>\n\t\t\t\t<\/div>\n\t\t","protected":false},"excerpt":{"rendered":"<p>Qu\u2019est-ce que le Reiki? Le Reiki est une technique de d\u00e9tente \u00e9nerg\u00e9tique originaire du Japon. On peut traduire le mot Reiki par \u00ab\u00a0\u00e9nergie vitale universelle\u00a0\u00bb; on l\u2019appelle \u00ab\u00a0Chi\u00a0\u00bb en Chine, \u00ab\u00a0Prana\u00a0\u00bb en Inde (quiconque fait du yoga conna\u00eetra le terme!) et le biochamp dans la&#8230;<\/p>\n","protected":false},"author":2,"featured_media":0,"parent":0,"menu_order":0,"comment_status":"closed","ping_status":"closed","template":"","meta":{"footnotes":""},"class_list":["post-16777","page","type-page","status-publish","hentry"],"_links":{"self":[{"href":"https:\/\/soberlifecoach.ca\/fr\/wp-json\/wp\/v2\/pages\/16777","targetHints":{"allow":["GET"]}}],"collection":[{"href":"https:\/\/soberlifecoach.ca\/fr\/wp-json\/wp\/v2\/pages"}],"about":[{"href":"https:\/\/soberlifecoach.ca\/fr\/wp-json\/wp\/v2\/types\/page"}],"author":[{"embeddable":true,"href":"https:\/\/soberlifecoach.ca\/fr\/wp-json\/wp\/v2\/users\/2"}],"replies":[{"embeddable":true,"href":"https:\/\/soberlifecoach.ca\/fr\/wp-json\/wp\/v2\/comments?post=16777"}],"version-history":[{"count":50,"href":"https:\/\/soberlifecoach.ca\/fr\/wp-json\/wp\/v2\/pages\/16777\/revisions"}],"predecessor-version":[{"id":18183,"href":"https:\/\/soberlifecoach.ca\/fr\/wp-json\/wp\/v2\/pages\/16777\/revisions\/18183"}],"wp:attachment":[{"href":"https:\/\/soberlifecoach.ca\/fr\/wp-json\/wp\/v2\/media?parent=16777"}],"curies":[{"name":"wp","href":"https:\/\/api.w.org\/{rel}","templated":true}]}}