{"id":16724,"date":"2024-06-28T11:50:10","date_gmt":"2024-06-28T15:50:10","guid":{"rendered":"http:\/\/soberlifecoach.ca\/sober-coaching\/"},"modified":"2025-06-10T14:10:20","modified_gmt":"2025-06-10T18:10:20","slug":"sober-coaching","status":"publish","type":"page","link":"https:\/\/soberlifecoach.ca\/fr\/sober-coaching\/","title":{"rendered":"Coaching de sobri\u00e9t\u00e9"},"content":{"rendered":"\t\t<div data-elementor-type=\"wp-page\" data-elementor-id=\"16724\" class=\"elementor elementor-16724 elementor-15809\">\n\t\t\t\t<div class=\"elementor-element elementor-element-4bc43c0 e-flex e-con-boxed parallax_section_no qode_elementor_container_no e-con e-parent\" data-id=\"4bc43c0\" data-element_type=\"container\" data-e-type=\"container\">\n\t\t\t\t\t<div class=\"e-con-inner\">\n\t\t\t\t<div class=\"elementor-element elementor-element-d438f2c elementor-widget elementor-widget-spacer\" data-id=\"d438f2c\" data-element_type=\"widget\" data-e-type=\"widget\" data-widget_type=\"spacer.default\">\n\t\t\t\t<div class=\"elementor-widget-container\">\n\t\t\t\t\t\t\t<div class=\"elementor-spacer\">\n\t\t\t<div class=\"elementor-spacer-inner\"><\/div>\n\t\t<\/div>\n\t\t\t\t\t\t<\/div>\n\t\t\t\t<\/div>\n\t\t\t\t\t<\/div>\n\t\t\t\t<\/div>\n\t\t<div class=\"elementor-element elementor-element-683857c e-con-full e-flex parallax_section_no qode_elementor_container_no e-con e-parent\" data-id=\"683857c\" data-element_type=\"container\" data-e-type=\"container\">\n\t\t<div class=\"elementor-element elementor-element-3f8818a e-con-full e-flex parallax_section_no qode_elementor_container_no e-con e-child\" data-id=\"3f8818a\" data-element_type=\"container\" data-e-type=\"container\">\n\t\t\t\t<div class=\"elementor-element elementor-element-bf7d9aa elementor-widget elementor-widget-text-editor\" data-id=\"bf7d9aa\" data-element_type=\"widget\" data-e-type=\"widget\" data-widget_type=\"text-editor.default\">\n\t\t\t\t<div class=\"elementor-widget-container\">\n\t\t\t\t\t\t\t\t\t<p style=\"font-weight: 400;\">Vous vous r\u00e9veillez \u00e0 3\u00a0h du matin. Encore. Votre c\u0153ur bat la chamade, vous \u00eates rong\u00e9e par un vague sentiment de honte, et vous vous demandez une \u00e9ni\u00e8me fois pourquoi vous ne vous \u00eates pas arr\u00eat\u00e9e au premier verre.<\/p><p>\u00a0<\/p><p style=\"font-weight: 400;\">Vous vous fixez d\u2019innombrables r\u00e8gles autour de votre consommation, pour invariablement les briser l\u2019heure de l\u2019ap\u00e9ro venue.<\/p><p style=\"font-weight: 400;\">Peut-\u00eatre avez-vous r\u00e9alis\u00e9 que certaines personnes peuvent s\u2019en tenir \u00e0 un verre, mais pas vous.\u00a0<span style=\"text-align: var(--text-align);\">Si vous lisez ces lignes, vous savez qu\u2019un changement s\u2019impose. La surconsommation, vous connaissez, et elle ne vous a men\u00e9e nulle part. C\u2019est le temps d\u2019essayer autre chose. C\u2019est le temps d\u2019essayer la sobri\u00e9t\u00e9.<\/span><\/p><p>\u00a0<\/p><p style=\"font-weight: 400;\">Je sais \u00e0 quel point la \u00ab zone grise\u00a0 \u00bb de la boisson, ce brouillard entre consommation sociale et destructrice, peut troubler, porter \u00e0 confusion, isoler. J\u2019y suis rest\u00e9e prise pendant longtemps. Et quand j\u2019ai enfin d\u00e9cid\u00e9 de l\u00e2cher l\u2019alcool pour de bon, j\u2019\u00e9tais convaincue d\u2019\u00eatre condamn\u00e9e \u00e0 vivre en demi-teintes. Or, \u00e0 ma grande surprise, une fois que je m\u2019\u00e9tais suffisamment \u00e9loign\u00e9e du Jour 1 \u2013 soit 30 petits jours \u2013 j\u2019ai r\u00e9alis\u00e9 avec \u00e9merveillement que le meilleur \u00e9tait \u00e0 venir. Et plus de trois ans plus tard, je peux vous dire qu\u2019on ne s\u2019en tanne pas, de la sobri\u00e9t\u00e9!<\/p><p style=\"font-weight: 400;\">Si vous p\u00e2tissez, sachez que ce n\u2019est pas de votre faute, et que vous n\u2019\u00eates pas oblig\u00e9e de souffrir seule\u00a0: je peux vous aider \u00e0 vous affranchir de l\u2019alcool, retrouver votre inspiration et vivre une vie que vous adorez, une \u00e9tape \u00e0 la fois.<\/p><p>\u00a0<\/p><h4>Qu\u2019est-ce que le coaching?<\/h4><p style=\"font-weight: 400;\">On l\u2019appelle aussi accompagnement ou mentorat. Pour moi, c\u2019est une approche d\u2019encadrement holistique. Ensemble, nous cr\u00e9erons une vie dont vous n&rsquo;aurez pas envie de vous \u00e9vader. Nous regarderons o\u00f9 vous en \u00eates sur votre parcours, et tracerons la voie vers votre bien-\u00eatre optimal, ancr\u00e9 dans la sobri\u00e9t\u00e9. Et nous personnaliserons cette d\u00e9marche selon vos besoins uniques et votre mode de vie, afin d\u2019obtenir les r\u00e9sultats que vous souhaitez.<\/p><p>\u00a0<\/p><p style=\"font-weight: 400;\">Ce faisant, nous aborderons les d\u00e9fis et les obstacles qui pourraient se dresser en cours de route. La surconsommation d\u2019alcool est souvent accompagn\u00e9e d\u2019angoisse et de honte, et j\u2019offre un espace s\u00fbr pour observer les \u00e9motions qui pourraient faire surface, en comprendre les causes profondes et trouver des fa\u00e7ons saines de les g\u00e9rer. Nous mettrons au jour et d\u00e9monterons les croyances ou les comportements acquis qui ne vous sont plus utiles, et ont peut-\u00eatre contribu\u00e9 \u00e0 votre surconsommation. Nous regarderons des fa\u00e7ons de g\u00e9rer le stress et la surcharge mentale, tout en nous assurant que votre nutrition favorise une sant\u00e9 rayonnante.<\/p><p>\u00a0<\/p><p style=\"font-weight: 400;\">Enfin, je vous aiderai \u00e0 adopter des habitudes saines, simples et agr\u00e9ables qui vous serviront non seulement dans cette transformation de sobri\u00e9t\u00e9, mais au quotidien aussi. Parce qu\u2019il ne s\u2019agit pas simplement d\u2019arr\u00eater de boire\u00a0: je pr\u00f4ne une approche globale vers le bien-\u00eatre mental, physique et \u00e9motionnel. Apr\u00e8s tout, qui veut subir quand on peut s\u2019\u00e9panouir?!<\/p><p>\u00a0<\/p><p style=\"font-weight: 400;\">Je sais ce que vous vivez, car je suis pass\u00e9e par l\u00e0. Et je sais non seulement qu\u2019il y a de la lumi\u00e8re au bout du tunnel, mais comment s\u2019y rendre aussi. Ce ne sera peut-\u00eatre pas toujours facile\u00a0\u2013 les meilleures choses dans la vie ne le sont jamais\u00a0\u2013 mais croyez-moi, le jeu en vaut la chandelle. Et vous le m\u00e9ritez.<\/p><p>\u00a0<\/p><p style=\"font-weight: 400;\">*Veuillez noter : Le coaching de sobri\u00e9t\u00e9 n\u2019est ni une th\u00e9rapie ni un traitement de la toxicomanie ou la d\u00e9pendance. Si vous \u00e9prouvez des sympt\u00f4mes de sevrage comme des tremblements ou des vomissements lorsque vous tentez d\u2019arr\u00eater de boire, veuillez consulter votre m\u00e9decin ou une ligne d\u2019assistance pour l\u2019alcoolisme.<\/p>\t\t\t\t\t\t\t\t<\/div>\n\t\t\t\t<\/div>\n\t\t\t\t<\/div>\n\t\t\t\t<\/div>\n\t\t<div class=\"elementor-element elementor-element-e8eb719 e-flex e-con-boxed parallax_section_no qode_elementor_container_no e-con e-parent\" data-id=\"e8eb719\" data-element_type=\"container\" data-e-type=\"container\">\n\t\t\t\t\t<div class=\"e-con-inner\">\n\t\t<div class=\"elementor-element elementor-element-eb65cf4 e-con-full e-flex parallax_section_no qode_elementor_container_no e-con e-child\" data-id=\"eb65cf4\" data-element_type=\"container\" data-e-type=\"container\">\n\t\t\t\t<div class=\"elementor-element elementor-element-0c4dcbe elementor-widget elementor-widget-text-editor\" data-id=\"0c4dcbe\" data-element_type=\"widget\" data-e-type=\"widget\" data-widget_type=\"text-editor.default\">\n\t\t\t\t<div class=\"elementor-widget-container\">\n\t\t\t\t\t\t\t\t\t<div><h3><span lang=\"FR-CA\">Pourquoi faire \u00e9quipe avec moi?<\/span><\/h3><\/div><ul><li>Coach accr\u00e9dit\u00e9e<\/li><li>Approche holistique\u00a0: corps, c\u0153ur et esprit<\/li><li>Conseils professionnels et personnalis\u00e9s<\/li><li>Comptes rendus<\/li><li>Soutien sans jugement empreint de compassion<\/li><li>Bien-\u00eatre optimal ancr\u00e9 dans la sobri\u00e9t\u00e9<\/li><li>Je comprends ce que vous vivez\u00a0: je suis pass\u00e9e par l\u00e0!<\/li><\/ul>\t\t\t\t\t\t\t\t<\/div>\n\t\t\t\t<\/div>\n\t\t\t\t<\/div>\n\t\t<div class=\"elementor-element elementor-element-c6180e8 e-con-full e-flex parallax_section_no qode_elementor_container_no e-con e-child\" data-id=\"c6180e8\" data-element_type=\"container\" data-e-type=\"container\">\n\t\t\t\t<div class=\"elementor-element elementor-element-c6901eb elementor-widget elementor-widget-text-editor\" data-id=\"c6901eb\" data-element_type=\"widget\" data-e-type=\"widget\" data-widget_type=\"text-editor.default\">\n\t\t\t\t<div class=\"elementor-widget-container\">\n\t\t\t\t\t\t\t\t\t<div>\n<h3><span lang=\"FR-CA\">Forfaits<\/span><\/h3>\n<\/div>\n<p><b>S\u00e9ance de motivation<\/b><\/p>\n<ul>\n<li>S\u00e9ance de 75&nbsp;min<\/li>\n<li>Examen approfondi de votre situation<\/li>\n<li>Trousse de sobri\u00e9t\u00e9 pour lancer votre parcours<\/li>\n<\/ul>\n<p style=\"font-weight: 400;\"><strong>Prix 165 $ (taxes incl.)<\/strong><\/p><p style=\"font-weight: 400;\"><strong><br><\/strong><\/p>\n<p style=\"font-weight: 400;\"><strong>Nouveau d\u00e9part&nbsp;: Forfait de 1&nbsp;mois<\/strong><\/p>\n<ul>\n<li>4 x s\u00e9ances hebdomadaires<\/li>\n<li>2 x traitements de Reiki de 30&nbsp;min favorisant le bien-\u00eatre<\/li>\n<li>Trousse de sobri\u00e9t\u00e9 et ressources<\/li>\n<li>Contacts quotidiens par courriel ou WhatsApp<\/li>\n<\/ul>\n<p style=\"font-weight: 400;\"><strong>Prix 625 $ (taxes incl.)<\/strong><\/p>\n<p style=\"font-weight: 400;\">Pr\u00eate \u00e0 vous lancer? Ce serait un honneur de vous accompagner dans votre d\u00e9marche.<\/p>\t\t\t\t\t\t\t\t<\/div>\n\t\t\t\t<\/div>\n\t\t\t\t<\/div>\n\t\t\t\t\t<\/div>\n\t\t\t\t<\/div>\n\t\t<div class=\"elementor-element elementor-element-fb55d13 e-flex e-con-boxed parallax_section_no qode_elementor_container_no e-con e-parent\" data-id=\"fb55d13\" data-element_type=\"container\" data-e-type=\"container\">\n\t\t\t\t\t<div class=\"e-con-inner\">\n\t\t\t\t<div class=\"elementor-element elementor-element-d61c7e1 elementor-widget elementor-widget-bridge_button\" data-id=\"d61c7e1\" data-element_type=\"widget\" data-e-type=\"widget\" data-widget_type=\"bridge_button.default\">\n\t\t\t\t<div class=\"elementor-widget-container\">\n\t\t\t\t\t<a  itemprop=\"url\" href=\"soberlifecoach.ca\/fr\/contact\" target=\"_self\"  class=\"qbutton  medium default\" style=\"\">\u00e7a m'int\u00e9resse<\/a>\t\t\t\t<\/div>\n\t\t\t\t<\/div>\n\t\t\t\t\t<\/div>\n\t\t\t\t<\/div>\n\t\t<div class=\"elementor-element elementor-element-24f74a2 e-flex e-con-boxed parallax_section_no qode_elementor_container_no e-con e-parent\" data-id=\"24f74a2\" data-element_type=\"container\" data-e-type=\"container\">\n\t\t\t\t\t<div class=\"e-con-inner\">\n\t\t\t\t<div class=\"elementor-element elementor-element-f910aff elementor-widget elementor-widget-spacer\" data-id=\"f910aff\" data-element_type=\"widget\" data-e-type=\"widget\" data-widget_type=\"spacer.default\">\n\t\t\t\t<div class=\"elementor-widget-container\">\n\t\t\t\t\t\t\t<div class=\"elementor-spacer\">\n\t\t\t<div class=\"elementor-spacer-inner\"><\/div>\n\t\t<\/div>\n\t\t\t\t\t\t<\/div>\n\t\t\t\t<\/div>\n\t\t\t\t\t<\/div>\n\t\t\t\t<\/div>\n\t\t\t\t<\/div>\n\t\t","protected":false},"excerpt":{"rendered":"<p>Vous vous r\u00e9veillez \u00e0 3\u00a0h du matin. Encore. Votre c\u0153ur bat la chamade, vous \u00eates rong\u00e9e par un vague sentiment de honte, et vous vous demandez une \u00e9ni\u00e8me fois pourquoi vous ne vous \u00eates pas arr\u00eat\u00e9e au premier verre. \u00a0 Vous vous fixez d\u2019innombrables r\u00e8gles&#8230;<\/p>\n","protected":false},"author":2,"featured_media":0,"parent":0,"menu_order":0,"comment_status":"closed","ping_status":"closed","template":"","meta":{"footnotes":""},"class_list":["post-16724","page","type-page","status-publish","hentry"],"_links":{"self":[{"href":"https:\/\/soberlifecoach.ca\/fr\/wp-json\/wp\/v2\/pages\/16724","targetHints":{"allow":["GET"]}}],"collection":[{"href":"https:\/\/soberlifecoach.ca\/fr\/wp-json\/wp\/v2\/pages"}],"about":[{"href":"https:\/\/soberlifecoach.ca\/fr\/wp-json\/wp\/v2\/types\/page"}],"author":[{"embeddable":true,"href":"https:\/\/soberlifecoach.ca\/fr\/wp-json\/wp\/v2\/users\/2"}],"replies":[{"embeddable":true,"href":"https:\/\/soberlifecoach.ca\/fr\/wp-json\/wp\/v2\/comments?post=16724"}],"version-history":[{"count":98,"href":"https:\/\/soberlifecoach.ca\/fr\/wp-json\/wp\/v2\/pages\/16724\/revisions"}],"predecessor-version":[{"id":18692,"href":"https:\/\/soberlifecoach.ca\/fr\/wp-json\/wp\/v2\/pages\/16724\/revisions\/18692"}],"wp:attachment":[{"href":"https:\/\/soberlifecoach.ca\/fr\/wp-json\/wp\/v2\/media?parent=16724"}],"curies":[{"name":"wp","href":"https:\/\/api.w.org\/{rel}","templated":true}]}}